{"id":4458,"date":"2024-02-01T17:05:47","date_gmt":"2024-02-01T17:05:47","guid":{"rendered":"https:\/\/carsol.wpenginepowered.com\/?page_id=4458"},"modified":"2024-09-24T14:09:00","modified_gmt":"2024-09-24T14:09:00","slug":"financing","status":"publish","type":"page","link":"https:\/\/carportsolution.com\/es\/financing\/","title":{"rendered":"Financiaci\u00f3n"},"content":{"rendered":"<div data-elementor-type=\"wp-page\" data-elementor-id=\"4458\" class=\"elementor elementor-4458\" data-elementor-post-type=\"page\">\n\t\t\t\t\t\t<section class=\"elementor-section elementor-top-section elementor-element elementor-element-6beedd7 elementor-section-boxed elementor-section-height-default elementor-section-height-default\" data-id=\"6beedd7\" data-element_type=\"section\" data-e-type=\"section\" data-settings=\"{&quot;background_background&quot;:&quot;classic&quot;}\">\n\t\t\t\t\t\t\t<div class=\"elementor-background-overlay\"><\/div>\n\t\t\t\t\t\t\t<div class=\"elementor-container elementor-column-gap-default\">\n\t\t\t\t\t<div class=\"elementor-column elementor-col-100 elementor-top-column elementor-element elementor-element-5534ca0\" data-id=\"5534ca0\" data-element_type=\"column\" data-e-type=\"column\">\n\t\t\t<div class=\"elementor-widget-wrap elementor-element-populated\">\n\t\t\t\t\t\t<div class=\"elementor-element elementor-element-861c603 elementor-widget__width-initial elementor-widget-mobile__width-inherit elementor-widget elementor-widget-heading\" data-id=\"861c603\" data-element_type=\"widget\" data-e-type=\"widget\" data-settings=\"{&quot;_animation&quot;:&quot;none&quot;}\" data-widget_type=\"heading.default\">\n\t\t\t\t<div class=\"elementor-widget-container\">\n\t\t\t\t\t<h1 class=\"elementor-heading-title elementor-size-default\">Opciones de financiamiento para soluciones de cocheras<\/h1>\t\t\t\t<\/div>\n\t\t\t\t<\/div>\n\t\t\t\t<section class=\"elementor-section elementor-inner-section elementor-element elementor-element-a1a9be0 elementor-hidden-desktop elementor-hidden-tablet elementor-hidden-mobile elementor-section-boxed elementor-section-height-default elementor-section-height-default\" data-id=\"a1a9be0\" data-element_type=\"section\" data-e-type=\"section\" data-settings=\"{&quot;background_background&quot;:&quot;classic&quot;}\">\n\t\t\t\t\t\t<div class=\"elementor-container elementor-column-gap-default\">\n\t\t\t\t\t<div class=\"elementor-column elementor-col-50 elementor-inner-column elementor-element elementor-element-d3c7675\" data-id=\"d3c7675\" data-element_type=\"column\" data-e-type=\"column\" data-settings=\"{&quot;background_background&quot;:&quot;classic&quot;}\">\n\t\t\t<div class=\"elementor-widget-wrap elementor-element-populated\">\n\t\t\t\t\t\t<div class=\"elementor-element elementor-element-6de977d elementor-widget-tablet__width-initial elementor-widget-mobile__width-inherit elementor-widget elementor-widget-image\" data-id=\"6de977d\" data-element_type=\"widget\" data-e-type=\"widget\" data-widget_type=\"image.default\">\n\t\t\t\t<div class=\"elementor-widget-container\">\n\t\t\t\t\t\t\t\t\t\t\t\t\t\t\t<img decoding=\"async\" width=\"280\" height=\"61\" src=\"https:\/\/carportsolution.com\/wp-content\/uploads\/2024\/02\/heartland-vector-logopng-279w.webp\" class=\"attachment-full size-full wp-image-4459\" alt=\"\" \/>\t\t\t\t\t\t\t\t\t\t\t\t\t\t\t<\/div>\n\t\t\t\t<\/div>\n\t\t\t\t\t<\/div>\n\t\t<\/div>\n\t\t\t\t<div class=\"elementor-column elementor-col-50 elementor-inner-column elementor-element elementor-element-b2cceb5\" data-id=\"b2cceb5\" data-element_type=\"column\" data-e-type=\"column\" data-settings=\"{&quot;background_background&quot;:&quot;classic&quot;}\">\n\t\t\t<div class=\"elementor-widget-wrap elementor-element-populated\">\n\t\t\t\t\t\t<div class=\"elementor-element elementor-element-dbbcbfc elementor-widget elementor-widget-heading\" data-id=\"dbbcbfc\" data-element_type=\"widget\" data-e-type=\"widget\" data-widget_type=\"heading.default\">\n\t\t\t\t<div class=\"elementor-widget-container\">\n\t\t\t\t\t<h2 class=\"elementor-heading-title elementor-size-default\">Inversiones de capital de Heartland<\/h2>\t\t\t\t<\/div>\n\t\t\t\t<\/div>\n\t\t\t\t<div class=\"elementor-element elementor-element-3a493d6 elementor-widget-divider--view-line elementor-widget elementor-widget-divider\" data-id=\"3a493d6\" data-element_type=\"widget\" data-e-type=\"widget\" data-widget_type=\"divider.default\">\n\t\t\t\t<div class=\"elementor-widget-container\">\n\t\t\t\t\t\t\t<div class=\"elementor-divider\">\n\t\t\t<span class=\"elementor-divider-separator\">\n\t\t\t\t\t\t<\/span>\n\t\t<\/div>\n\t\t\t\t\t\t<\/div>\n\t\t\t\t<\/div>\n\t\t\t\t<div class=\"elementor-element elementor-element-f46e782 elementor-widget elementor-widget-text-editor\" data-id=\"f46e782\" data-element_type=\"widget\" data-e-type=\"widget\" data-widget_type=\"text-editor.default\">\n\t\t\t\t<div class=\"elementor-widget-container\">\n\t\t\t\t\t\t\t\t\t<p>\u00bfBusca una estructura met\u00e1lica para estacionar su auto de forma segura, pero no ha incluido su presupuesto este a\u00f1o? No se preocupe, Carport Solutions se ha asociado con Heartland Capital Investments LLC para ofrecerle una opci\u00f3n asequible de alquiler con opci\u00f3n a compra.<\/p>\t\t\t\t\t\t\t\t<\/div>\n\t\t\t\t<\/div>\n\t\t\t\t<div class=\"elementor-element elementor-element-e796dd8 elementor-widget elementor-widget-text-editor\" data-id=\"e796dd8\" data-element_type=\"widget\" data-e-type=\"widget\" data-widget_type=\"text-editor.default\">\n\t\t\t\t<div class=\"elementor-widget-container\">\n\t\t\t\t\t\t\t\t\t<p>La opci\u00f3n de alquiler con opci\u00f3n a compra que ofrece Carport Solutions est\u00e1 dise\u00f1ada para que los clientes puedan comprar su edificio met\u00e1lico sin preocuparse por la financiaci\u00f3n. Adem\u00e1s, Carport Solutions ofrece una excelente opci\u00f3n de financiaci\u00f3n para quienes deseen adquirir su edificio met\u00e1lico desde el principio.<\/p>\n<p>Los precios de alquiler con opci\u00f3n a compra se han dise\u00f1ado para que sean m\u00e1s asequibles, lo que permite a los clientes comprar lo que necesitan seg\u00fan sus requisitos en lugar de verse restringidos por sus finanzas.<\/p>\n<p>Carport Solutions, con su fant\u00e1stica opci\u00f3n de compra de alquiler con opci\u00f3n a compra, hace que sea f\u00e1cil para todos obtener el edificio de metal que necesitan ahora.<\/p>\n<p>Ya no tendr\u00e1s que preocuparte m\u00e1s por si puedes permitirte o no comprar un edificio de metal.&nbsp;<span style=\"background-color: var( --e-global-color-5dd9f84 ); color: var( --e-global-color-secondary );\">La pregunta ahora es: \u00bfpuede usted permitirse el lujo de no obtener la protecci\u00f3n y seguridad para las cosas que m\u00e1s valora?<\/span><\/p>\t\t\t\t\t\t\t\t<\/div>\n\t\t\t\t<\/div>\n\t\t\t\t<div class=\"elementor-element elementor-element-31945b9 elementor-align-start elementor-icon-list--layout-traditional elementor-list-item-link-full_width elementor-widget elementor-widget-icon-list\" data-id=\"31945b9\" data-element_type=\"widget\" data-e-type=\"widget\" data-widget_type=\"icon-list.default\">\n\t\t\t\t<div class=\"elementor-widget-container\">\n\t\t\t\t\t\t\t<ul class=\"elementor-icon-list-items\">\n\t\t\t\t\t\t\t<li class=\"elementor-icon-list-item\">\n\t\t\t\t\t\t\t\t\t\t\t<a href=\"https:\/\/carportsolution.com\/wp-content\/uploads\/2024\/02\/6092a442e69fd413533c4b55_rent-to-own-application.pdf\" target=\"_blank\">\n\n\t\t\t\t\t\t\t\t\t\t\t\t<span class=\"elementor-icon-list-icon\">\n\t\t\t\t\t\t\t<i aria-hidden=\"true\" class=\"fas fa-file-pdf\"><\/i>\t\t\t\t\t\t<\/span>\n\t\t\t\t\t\t\t\t\t\t<span class=\"elementor-icon-list-text\">Descargar aplicaci\u00f3n<\/span>\n\t\t\t\t\t\t\t\t\t\t\t<\/a>\n\t\t\t\t\t\t\t\t\t<\/li>\n\t\t\t\t\t\t<\/ul>\n\t\t\t\t\t\t<\/div>\n\t\t\t\t<\/div>\n\t\t\t\t<div class=\"elementor-element elementor-element-eb97cd0 elementor-widget elementor-widget-text-editor\" data-id=\"eb97cd0\" data-element_type=\"widget\" data-e-type=\"widget\" data-widget_type=\"text-editor.default\">\n\t\t\t\t<div class=\"elementor-widget-container\">\n\t\t\t\t\t\t\t\t\t<p>1. Descargue el PDF de Heartland Capital arriba<br \/>2. Complete el formulario<br \/>3. \u00a1Env\u00ede el formulario completo por correo electr\u00f3nico a info@carportsolution.com!<\/p>\t\t\t\t\t\t\t\t<\/div>\n\t\t\t\t<\/div>\n\t\t\t\t\t<\/div>\n\t\t<\/div>\n\t\t\t\t\t<\/div>\n\t\t<\/section>\n\t\t\t\t<section class=\"elementor-section elementor-inner-section elementor-element elementor-element-f47c64d elementor-reverse-tablet elementor-reverse-mobile elementor-section-boxed elementor-section-height-default elementor-section-height-default\" data-id=\"f47c64d\" data-element_type=\"section\" data-e-type=\"section\" data-settings=\"{&quot;background_background&quot;:&quot;classic&quot;}\">\n\t\t\t\t\t\t<div class=\"elementor-container elementor-column-gap-default\">\n\t\t\t\t\t<div class=\"elementor-column elementor-col-50 elementor-inner-column elementor-element elementor-element-75ba36a\" data-id=\"75ba36a\" data-element_type=\"column\" data-e-type=\"column\" data-settings=\"{&quot;background_background&quot;:&quot;classic&quot;}\">\n\t\t\t<div class=\"elementor-widget-wrap elementor-element-populated\">\n\t\t\t\t\t\t<div class=\"elementor-element elementor-element-36bcc41 elementor-widget elementor-widget-heading\" data-id=\"36bcc41\" data-element_type=\"widget\" data-e-type=\"widget\" data-widget_type=\"heading.default\">\n\t\t\t\t<div class=\"elementor-widget-container\">\n\t\t\t\t\t<h2 class=\"elementor-heading-title elementor-size-default\">RTO National<\/h2>\t\t\t\t<\/div>\n\t\t\t\t<\/div>\n\t\t\t\t<div class=\"elementor-element elementor-element-710b286 elementor-widget-divider--view-line elementor-widget elementor-widget-divider\" data-id=\"710b286\" data-element_type=\"widget\" data-e-type=\"widget\" data-widget_type=\"divider.default\">\n\t\t\t\t<div class=\"elementor-widget-container\">\n\t\t\t\t\t\t\t<div class=\"elementor-divider\">\n\t\t\t<span class=\"elementor-divider-separator\">\n\t\t\t\t\t\t<\/span>\n\t\t<\/div>\n\t\t\t\t\t\t<\/div>\n\t\t\t\t<\/div>\n\t\t\t\t<div class=\"elementor-element elementor-element-798d887 elementor-widget elementor-widget-text-editor\" data-id=\"798d887\" data-element_type=\"widget\" data-e-type=\"widget\" data-widget_type=\"text-editor.default\">\n\t\t\t\t<div class=\"elementor-widget-container\">\n\t\t\t\t\t\t\t\t\t<p>\u00a1Carport Solutions se enorgullece de ofrecer una opci\u00f3n de financiamiento asequible! Elija al proveedor l\u00edder en contratos de arrendamiento, compra y financiamiento para cobertizos, cocheras, estructuras de acero y productos para el jard\u00edn.<\/p>\t\t\t\t\t\t\t\t<\/div>\n\t\t\t\t<\/div>\n\t\t\t\t<div class=\"elementor-element elementor-element-4b98f88 elementor-widget elementor-widget-text-editor\" data-id=\"4b98f88\" data-element_type=\"widget\" data-e-type=\"widget\" data-widget_type=\"text-editor.default\">\n\t\t\t\t<div class=\"elementor-widget-container\">\n\t\t\t\t\t\t\t\t\t<p>Solicite su pr\u00e9stamo en segundos. Usar nuestra solicitud de pr\u00e9stamo en l\u00ednea es r\u00e1pido, gratuito y sencillo.<br \/>Seleccione el producto de pr\u00e9stamo a continuaci\u00f3n y obtenga su decisi\u00f3n de aprobaci\u00f3n en solo unos minutos.<\/p><p>A partir de una financiaci\u00f3n sin pago inicial, con pagos fijos y una TAE fija.<\/p>\t\t\t\t\t\t\t\t<\/div>\n\t\t\t\t<\/div>\n\t\t\t\t<div class=\"elementor-element elementor-element-55a8322 elementor-widget elementor-widget-button\" data-id=\"55a8322\" data-element_type=\"widget\" data-e-type=\"widget\" data-widget_type=\"button.default\">\n\t\t\t\t<div class=\"elementor-widget-container\">\n\t\t\t\t\t\t\t\t\t<div class=\"elementor-button-wrapper\">\n\t\t\t\t\t<a class=\"elementor-button elementor-button-link elementor-size-sm\" href=\"https:\/\/www.rtonational.com\/checkout\/installment\/customer\/new?link=73d952c0-18b9-4782-bfb3-3481593efcb7#\/\" target=\"_blank\" rel=\"noopener\">\n\t\t\t\t\t\t<span class=\"elementor-button-content-wrapper\">\n\t\t\t\t\t\t\t\t\t<span class=\"elementor-button-text\">Aplicar ahora<\/span>\n\t\t\t\t\t<\/span>\n\t\t\t\t\t<\/a>\n\t\t\t\t<\/div>\n\t\t\t\t\t\t\t\t<\/div>\n\t\t\t\t<\/div>\n\t\t\t\t\t<\/div>\n\t\t<\/div>\n\t\t\t\t<div class=\"elementor-column elementor-col-50 elementor-inner-column elementor-element elementor-element-62cdd12\" data-id=\"62cdd12\" data-element_type=\"column\" data-e-type=\"column\" data-settings=\"{&quot;background_background&quot;:&quot;classic&quot;}\">\n\t\t\t<div class=\"elementor-widget-wrap elementor-element-populated\">\n\t\t\t\t\t\t<div class=\"elementor-element elementor-element-6b5ba5f elementor-widget-tablet__width-initial elementor-widget-mobile__width-inherit elementor-widget elementor-widget-image\" data-id=\"6b5ba5f\" data-element_type=\"widget\" data-e-type=\"widget\" data-widget_type=\"image.default\">\n\t\t\t\t<div class=\"elementor-widget-container\">\n\t\t\t\t\t\t\t\t\t\t\t\t\t\t\t<img fetchpriority=\"high\" decoding=\"async\" width=\"650\" height=\"433\" src=\"https:\/\/carportsolution.com\/wp-content\/uploads\/2024\/09\/12778770-rto-national-logo-2700x1800-1-scaled-e1727186826194.jpeg?v=1727186814\" class=\"attachment-full size-full wp-image-5013\" alt=\"\" \/>\t\t\t\t\t\t\t\t\t\t\t\t\t\t\t<\/div>\n\t\t\t\t<\/div>\n\t\t\t\t\t<\/div>\n\t\t<\/div>\n\t\t\t\t\t<\/div>\n\t\t<\/section>\n\t\t\t\t<div class=\"elementor-element elementor-element-6d9901b elementor-widget elementor-widget-text-editor\" data-id=\"6d9901b\" data-element_type=\"widget\" data-e-type=\"widget\" data-widget_type=\"text-editor.default\">\n\t\t\t\t<div class=\"elementor-widget-container\">\n\t\t\t\t\t\t\t\t\t<p>Divulgaciones:<\/p><p>Pr\u00e9stamos proporcionados por EnerBank USA, miembro FDIC, (1245 Brickyard Rd., Suite 600, Salt Lake City, UT 84106) con cr\u00e9dito aprobado, por tiempo limitado.<\/p><p>* El plazo de amortizaci\u00f3n es de 24 a 132 meses. Tasa de inter\u00e9s anual (TAE) fija del 8,88% al 12,99%. Se aplican montos m\u00ednimos de pr\u00e9stamo. El primer pago mensual vence 30 d\u00edas despu\u00e9s del cierre del pr\u00e9stamo.<\/p>\t\t\t\t\t\t\t\t<\/div>\n\t\t\t\t<\/div>\n\t\t\t\t<section class=\"elementor-section elementor-inner-section elementor-element elementor-element-9e18028 elementor-section-boxed elementor-section-height-default elementor-section-height-default\" data-id=\"9e18028\" data-element_type=\"section\" data-e-type=\"section\">\n\t\t\t\t\t\t<div class=\"elementor-container elementor-column-gap-default\">\n\t\t\t\t\t\t<\/div>\n\t\t<\/section>\n\t\t\t\t\t<\/div>\n\t\t<\/div>\n\t\t\t\t\t<\/div>\n\t\t<\/section>\n\t\t\t\t<\/div>","protected":false},"excerpt":{"rendered":"<p>Financing Options for Carport Solutions Heartland Capital Investments Looking for that metal building to safely park your car but haven\u2019t budgeted it this year? No worries, Carport Solutions has partnered with Heartland Capital Investments LLC to bring you an affordable way to Rent to Own your structure. The Rent-To-Own option offered by Carport Solutions is [&hellip;]<\/p>\n","protected":false},"author":12,"featured_media":0,"parent":0,"menu_order":0,"comment_status":"closed","ping_status":"closed","template":"","meta":{"footnotes":""},"class_list":["post-4458","page","type-page","status-publish","hentry"],"_links":{"self":[{"href":"https:\/\/carportsolution.com\/es\/wp-json\/wp\/v2\/pages\/4458","targetHints":{"allow":["GET"]}}],"collection":[{"href":"https:\/\/carportsolution.com\/es\/wp-json\/wp\/v2\/pages"}],"about":[{"href":"https:\/\/carportsolution.com\/es\/wp-json\/wp\/v2\/types\/page"}],"author":[{"embeddable":true,"href":"https:\/\/carportsolution.com\/es\/wp-json\/wp\/v2\/users\/12"}],"replies":[{"embeddable":true,"href":"https:\/\/carportsolution.com\/es\/wp-json\/wp\/v2\/comments?post=4458"}],"version-history":[{"count":0,"href":"https:\/\/carportsolution.com\/es\/wp-json\/wp\/v2\/pages\/4458\/revisions"}],"wp:attachment":[{"href":"https:\/\/carportsolution.com\/es\/wp-json\/wp\/v2\/media?parent=4458"}],"curies":[{"name":"wp","href":"https:\/\/api.w.org\/{rel}","templated":true}]}}