{"id":4518,"date":"2024-02-02T13:47:11","date_gmt":"2024-02-02T13:47:11","guid":{"rendered":"https:\/\/carsol.wpenginepowered.com\/?page_id=4518"},"modified":"2024-02-02T15:49:37","modified_gmt":"2024-02-02T15:49:37","slug":"visual-glossary","status":"publish","type":"page","link":"https:\/\/carportsolution.com\/es\/visual-glossary\/","title":{"rendered":"Glosario visual"},"content":{"rendered":"<div data-elementor-type=\"wp-page\" data-elementor-id=\"4518\" class=\"elementor elementor-4518\" data-elementor-post-type=\"page\">\n\t\t\t\t\t\t<section class=\"elementor-section elementor-top-section elementor-element elementor-element-6beedd7 elementor-section-boxed elementor-section-height-default elementor-section-height-default\" data-id=\"6beedd7\" data-element_type=\"section\" data-e-type=\"section\" data-settings=\"{&quot;background_background&quot;:&quot;classic&quot;}\">\n\t\t\t\t\t\t\t<div class=\"elementor-background-overlay\"><\/div>\n\t\t\t\t\t\t\t<div class=\"elementor-container elementor-column-gap-default\">\n\t\t\t\t\t<div class=\"elementor-column elementor-col-100 elementor-top-column elementor-element elementor-element-5534ca0\" data-id=\"5534ca0\" data-element_type=\"column\" data-e-type=\"column\">\n\t\t\t<div class=\"elementor-widget-wrap elementor-element-populated\">\n\t\t\t\t\t\t<div class=\"elementor-element elementor-element-861c603 elementor-widget__width-initial elementor-widget-mobile__width-inherit elementor-widget elementor-widget-heading\" data-id=\"861c603\" data-element_type=\"widget\" data-e-type=\"widget\" data-settings=\"{&quot;_animation&quot;:&quot;none&quot;}\" data-widget_type=\"heading.default\">\n\t\t\t\t<div class=\"elementor-widget-container\">\n\t\t\t\t\t<h1 class=\"elementor-heading-title elementor-size-default\">Glosario visual<\/h1>\t\t\t\t<\/div>\n\t\t\t\t<\/div>\n\t\t\t\t<div class=\"elementor-element elementor-element-f46e782 elementor-widget__width-initial elementor-widget elementor-widget-text-editor\" data-id=\"f46e782\" data-element_type=\"widget\" data-e-type=\"widget\" data-widget_type=\"text-editor.default\">\n\t\t\t\t<div class=\"elementor-widget-container\">\n\t\t\t\t\t\t\t\t\t<p>Puede utilizar este Glosario Visual a continuaci\u00f3n para familiarizarse con las diferentes partes de nuestros Edificios Met\u00e1licos, le facilita estar bien informado.&nbsp;<\/p><p>Simplemente haga clic en el nombre de una pieza en el men\u00fa del lado izquierdo, y la pieza se resaltar\u00e1 y se mostrar\u00e1 informaci\u00f3n \u00fatil sobre ella.<br><\/p>\t\t\t\t\t\t\t\t<\/div>\n\t\t\t\t<\/div>\n\t\t\t\t<section class=\"elementor-section elementor-inner-section elementor-element elementor-element-9e18028 elementor-section-boxed elementor-section-height-default elementor-section-height-default\" data-id=\"9e18028\" data-element_type=\"section\" data-e-type=\"section\">\n\t\t\t\t\t\t<div class=\"elementor-container elementor-column-gap-default\">\n\t\t\t\t\t\t<\/div>\n\t\t<\/section>\n\t\t\t\t\t<\/div>\n\t\t<\/div>\n\t\t\t\t\t<\/div>\n\t\t<\/section>\n\t\t\t\t<section class=\"elementor-section elementor-top-section elementor-element elementor-element-2c34371 elementor-section-boxed elementor-section-height-default elementor-section-height-default\" data-id=\"2c34371\" data-element_type=\"section\" data-e-type=\"section\" data-settings=\"{&quot;background_background&quot;:&quot;classic&quot;}\">\n\t\t\t\t\t\t<div class=\"elementor-container elementor-column-gap-default\">\n\t\t\t\t\t<div class=\"elementor-column elementor-col-100 elementor-top-column elementor-element elementor-element-6435622\" data-id=\"6435622\" data-element_type=\"column\" data-e-type=\"column\">\n\t\t\t<div class=\"elementor-widget-wrap elementor-element-populated\">\n\t\t\t\t\t\t<div class=\"elementor-element elementor-element-4a55e78 elementor-tabs-view-vertical elementor-widget elementor-widget-tabs\" data-id=\"4a55e78\" data-element_type=\"widget\" data-e-type=\"widget\" data-widget_type=\"tabs.default\">\n\t\t\t\t<div class=\"elementor-widget-container\">\n\t\t\t\t\t\t\t<div class=\"elementor-tabs\">\n\t\t\t<div class=\"elementor-tabs-wrapper\" role=\"tablist\" >\n\t\t\t\t\t\t\t\t\t<div id=\"elementor-tab-title-7791\" class=\"elementor-tab-title elementor-tab-desktop-title\" aria-selected=\"true\" data-tab=\"1\" role=\"tab\" tabindex=\"0\" aria-controls=\"elementor-tab-content-7791\" aria-expanded=\"false\">Riel de base<\/div>\n\t\t\t\t\t\t\t\t\t<div id=\"elementor-tab-title-7792\" class=\"elementor-tab-title elementor-tab-desktop-title\" aria-selected=\"false\" data-tab=\"2\" role=\"tab\" tabindex=\"-1\" aria-controls=\"elementor-tab-content-7792\" aria-expanded=\"false\">Arco<\/div>\n\t\t\t\t\t\t\t\t\t<div id=\"elementor-tab-title-7793\" class=\"elementor-tab-title elementor-tab-desktop-title\" aria-selected=\"false\" data-tab=\"3\" role=\"tab\" tabindex=\"-1\" aria-controls=\"elementor-tab-content-7793\" aria-expanded=\"false\">Tirantes<\/div>\n\t\t\t\t\t\t\t\t\t<div id=\"elementor-tab-title-7794\" class=\"elementor-tab-title elementor-tab-desktop-title\" aria-selected=\"false\" data-tab=\"4\" role=\"tab\" tabindex=\"-1\" aria-controls=\"elementor-tab-content-7794\" aria-expanded=\"false\">Recorte de esquina<\/div>\n\t\t\t\t\t\t\t\t\t<div id=\"elementor-tab-title-7795\" class=\"elementor-tab-title elementor-tab-desktop-title\" aria-selected=\"false\" data-tab=\"5\" role=\"tab\" tabindex=\"-1\" aria-controls=\"elementor-tab-content-7795\" aria-expanded=\"false\">Puerta de garaje<\/div>\n\t\t\t\t\t\t\t\t\t<div id=\"elementor-tab-title-7796\" class=\"elementor-tab-title elementor-tab-desktop-title\" aria-selected=\"false\" data-tab=\"6\" role=\"tab\" tabindex=\"-1\" aria-controls=\"elementor-tab-content-7796\" aria-expanded=\"false\">Canal del sombrero<\/div>\n\t\t\t\t\t\t\t\t\t<div id=\"elementor-tab-title-7797\" class=\"elementor-tab-title elementor-tab-desktop-title\" aria-selected=\"false\" data-tab=\"7\" role=\"tab\" tabindex=\"-1\" aria-controls=\"elementor-tab-content-7797\" aria-expanded=\"false\">Recorte en J<\/div>\n\t\t\t\t\t\t\t\t\t<div id=\"elementor-tab-title-7798\" class=\"elementor-tab-title elementor-tab-desktop-title\" aria-selected=\"false\" data-tab=\"8\" role=\"tab\" tabindex=\"-1\" aria-controls=\"elementor-tab-content-7798\" aria-expanded=\"false\">Recorte en L<\/div>\n\t\t\t\t\t\t\t\t\t<div id=\"elementor-tab-title-7799\" class=\"elementor-tab-title elementor-tab-desktop-title\" aria-selected=\"false\" data-tab=\"9\" role=\"tab\" tabindex=\"-1\" aria-controls=\"elementor-tab-content-7799\" aria-expanded=\"false\">Tapa de cumbrera<\/div>\n\t\t\t\t\t\t\t\t\t<div id=\"elementor-tab-title-77910\" class=\"elementor-tab-title elementor-tab-desktop-title\" aria-selected=\"false\" data-tab=\"10\" role=\"tab\" tabindex=\"-1\" aria-controls=\"elementor-tab-content-77910\" aria-expanded=\"false\">Techo<\/div>\n\t\t\t\t\t\t\t\t\t<div id=\"elementor-tab-title-77911\" class=\"elementor-tab-title elementor-tab-desktop-title\" aria-selected=\"false\" data-tab=\"11\" role=\"tab\" tabindex=\"-1\" aria-controls=\"elementor-tab-content-77911\" aria-expanded=\"false\">Paneles laterales<\/div>\n\t\t\t\t\t\t\t\t\t<div id=\"elementor-tab-title-77912\" class=\"elementor-tab-title elementor-tab-desktop-title\" aria-selected=\"false\" data-tab=\"12\" role=\"tab\" tabindex=\"-1\" aria-controls=\"elementor-tab-content-77912\" aria-expanded=\"false\">Recorte vertical<\/div>\n\t\t\t\t\t\t\t\t\t<div id=\"elementor-tab-title-77913\" class=\"elementor-tab-title elementor-tab-desktop-title\" aria-selected=\"false\" data-tab=\"13\" role=\"tab\" tabindex=\"-1\" aria-controls=\"elementor-tab-content-77913\" aria-expanded=\"false\">Z\u00f3calo<\/div>\n\t\t\t\t\t\t\t\t\t<div id=\"elementor-tab-title-77914\" class=\"elementor-tab-title elementor-tab-desktop-title\" aria-selected=\"false\" data-tab=\"14\" role=\"tab\" tabindex=\"-1\" aria-controls=\"elementor-tab-content-77914\" aria-expanded=\"false\">Ventana<\/div>\n\t\t\t\t\t\t\t\t\t<div id=\"elementor-tab-title-77915\" class=\"elementor-tab-title elementor-tab-desktop-title\" aria-selected=\"false\" data-tab=\"15\" role=\"tab\" tabindex=\"-1\" aria-controls=\"elementor-tab-content-77915\" aria-expanded=\"false\">Recorte en Z<\/div>\n\t\t\t\t\t\t\t<\/div>\n\t\t\t<div class=\"elementor-tabs-content-wrapper\" role=\"tablist\" aria-orientation=\"vertical\">\n\t\t\t\t\t\t\t\t\t<div class=\"elementor-tab-title elementor-tab-mobile-title\" aria-selected=\"true\" data-tab=\"1\" role=\"tab\" tabindex=\"0\" aria-controls=\"elementor-tab-content-7791\" aria-expanded=\"false\">Riel de base<\/div>\n\t\t\t\t\t<div id=\"elementor-tab-content-7791\" class=\"elementor-tab-content elementor-clearfix\" data-tab=\"1\" role=\"tabpanel\" aria-labelledby=\"elementor-tab-title-7791\" tabindex=\"0\" hidden=\"false\"><p><img fetchpriority=\"high\" decoding=\"async\" class=\"alignnone wp-image-4520 size-full\" src=\"https:\/\/carportsolution.com\/wp-content\/uploads\/2024\/02\/base-rail.jpeg\" alt=\"\" width=\"800\" height=\"700\" srcset=\"https:\/\/carportsolution.com\/wp-content\/uploads\/2024\/02\/base-rail.jpeg?v=1707757126 800w, https:\/\/carportsolution.com\/wp-content\/uploads\/2024\/02\/base-rail-300x263.jpeg?v=1707757126 300w, https:\/\/carportsolution.com\/wp-content\/uploads\/2024\/02\/base-rail-768x672.jpeg?v=1707757126 768w\" sizes=\"(max-width: 800px) 100vw, 800px\" \/><\/p><\/div>\n\t\t\t\t\t\t\t\t\t<div class=\"elementor-tab-title elementor-tab-mobile-title\" aria-selected=\"false\" data-tab=\"2\" role=\"tab\" tabindex=\"-1\" aria-controls=\"elementor-tab-content-7792\" aria-expanded=\"false\">Arco<\/div>\n\t\t\t\t\t<div id=\"elementor-tab-content-7792\" class=\"elementor-tab-content elementor-clearfix\" data-tab=\"2\" role=\"tabpanel\" aria-labelledby=\"elementor-tab-title-7792\" tabindex=\"0\" hidden=\"hidden\"><p><img decoding=\"async\" class=\"alignnone wp-image-4521 size-full\" src=\"https:\/\/carportsolution.com\/wp-content\/uploads\/2024\/02\/bow.jpeg\" alt=\"\" width=\"800\" height=\"700\" srcset=\"https:\/\/carportsolution.com\/wp-content\/uploads\/2024\/02\/bow.jpeg?v=1707757125 800w, https:\/\/carportsolution.com\/wp-content\/uploads\/2024\/02\/bow-300x263.jpeg?v=1707757125 300w, https:\/\/carportsolution.com\/wp-content\/uploads\/2024\/02\/bow-768x672.jpeg?v=1707757125 768w\" sizes=\"(max-width: 800px) 100vw, 800px\" \/><\/p><\/div>\n\t\t\t\t\t\t\t\t\t<div class=\"elementor-tab-title elementor-tab-mobile-title\" aria-selected=\"false\" data-tab=\"3\" role=\"tab\" tabindex=\"-1\" aria-controls=\"elementor-tab-content-7793\" aria-expanded=\"false\">Tirantes<\/div>\n\t\t\t\t\t<div id=\"elementor-tab-content-7793\" class=\"elementor-tab-content elementor-clearfix\" data-tab=\"3\" role=\"tabpanel\" aria-labelledby=\"elementor-tab-title-7793\" tabindex=\"0\" hidden=\"hidden\"><p><img decoding=\"async\" class=\"alignnone wp-image-4522 size-full\" src=\"https:\/\/carportsolution.com\/wp-content\/uploads\/2024\/02\/braces.jpeg\" alt=\"\" width=\"800\" height=\"700\" srcset=\"https:\/\/carportsolution.com\/wp-content\/uploads\/2024\/02\/braces.jpeg?v=1707757125 800w, https:\/\/carportsolution.com\/wp-content\/uploads\/2024\/02\/braces-300x263.jpeg?v=1707757125 300w, https:\/\/carportsolution.com\/wp-content\/uploads\/2024\/02\/braces-768x672.jpeg?v=1707757125 768w\" sizes=\"(max-width: 800px) 100vw, 800px\" \/><\/p><\/div>\n\t\t\t\t\t\t\t\t\t<div class=\"elementor-tab-title elementor-tab-mobile-title\" aria-selected=\"false\" data-tab=\"4\" role=\"tab\" tabindex=\"-1\" aria-controls=\"elementor-tab-content-7794\" aria-expanded=\"false\">Recorte de esquina<\/div>\n\t\t\t\t\t<div id=\"elementor-tab-content-7794\" class=\"elementor-tab-content elementor-clearfix\" data-tab=\"4\" role=\"tabpanel\" aria-labelledby=\"elementor-tab-title-7794\" tabindex=\"0\" hidden=\"hidden\"><p><img loading=\"lazy\" decoding=\"async\" class=\"alignnone wp-image-4526 size-full\" src=\"https:\/\/carportsolution.com\/wp-content\/uploads\/2024\/02\/cornertrim.jpeg\" alt=\"\" width=\"1600\" height=\"1400\" srcset=\"https:\/\/carportsolution.com\/wp-content\/uploads\/2024\/02\/cornertrim.jpeg?v=1707757124 1600w, https:\/\/carportsolution.com\/wp-content\/uploads\/2024\/02\/cornertrim-300x263.jpeg?v=1707757124 300w, https:\/\/carportsolution.com\/wp-content\/uploads\/2024\/02\/cornertrim-1029x900.jpeg?v=1707757124 1029w, https:\/\/carportsolution.com\/wp-content\/uploads\/2024\/02\/cornertrim-768x672.jpeg?v=1707757124 768w, https:\/\/carportsolution.com\/wp-content\/uploads\/2024\/02\/cornertrim-1536x1344.jpeg?v=1707757124 1536w\" sizes=\"(max-width: 1600px) 100vw, 1600px\" \/><\/p><\/div>\n\t\t\t\t\t\t\t\t\t<div class=\"elementor-tab-title elementor-tab-mobile-title\" aria-selected=\"false\" data-tab=\"5\" role=\"tab\" tabindex=\"-1\" aria-controls=\"elementor-tab-content-7795\" aria-expanded=\"false\">Puerta de garaje<\/div>\n\t\t\t\t\t<div id=\"elementor-tab-content-7795\" class=\"elementor-tab-content elementor-clearfix\" data-tab=\"5\" role=\"tabpanel\" aria-labelledby=\"elementor-tab-title-7795\" tabindex=\"0\" hidden=\"hidden\"><p><img loading=\"lazy\" decoding=\"async\" class=\"alignnone wp-image-4527 size-full\" src=\"https:\/\/carportsolution.com\/wp-content\/uploads\/2024\/02\/garagedoor.jpeg\" alt=\"\" width=\"1600\" height=\"1400\" srcset=\"https:\/\/carportsolution.com\/wp-content\/uploads\/2024\/02\/garagedoor.jpeg?v=1707757124 1600w, https:\/\/carportsolution.com\/wp-content\/uploads\/2024\/02\/garagedoor-300x263.jpeg?v=1707757124 300w, https:\/\/carportsolution.com\/wp-content\/uploads\/2024\/02\/garagedoor-1029x900.jpeg?v=1707757124 1029w, https:\/\/carportsolution.com\/wp-content\/uploads\/2024\/02\/garagedoor-768x672.jpeg?v=1707757124 768w, https:\/\/carportsolution.com\/wp-content\/uploads\/2024\/02\/garagedoor-1536x1344.jpeg?v=1707757124 1536w\" sizes=\"(max-width: 1600px) 100vw, 1600px\" \/><\/p><\/div>\n\t\t\t\t\t\t\t\t\t<div class=\"elementor-tab-title elementor-tab-mobile-title\" aria-selected=\"false\" data-tab=\"6\" role=\"tab\" tabindex=\"-1\" aria-controls=\"elementor-tab-content-7796\" aria-expanded=\"false\">Canal del sombrero<\/div>\n\t\t\t\t\t<div id=\"elementor-tab-content-7796\" class=\"elementor-tab-content elementor-clearfix\" data-tab=\"6\" role=\"tabpanel\" aria-labelledby=\"elementor-tab-title-7796\" tabindex=\"0\" hidden=\"hidden\"><p><img loading=\"lazy\" decoding=\"async\" class=\"alignnone wp-image-4528 size-full\" src=\"https:\/\/carportsolution.com\/wp-content\/uploads\/2024\/02\/jtrim.jpeg\" alt=\"\" width=\"800\" height=\"700\" srcset=\"https:\/\/carportsolution.com\/wp-content\/uploads\/2024\/02\/jtrim.jpeg?v=1707757123 800w, https:\/\/carportsolution.com\/wp-content\/uploads\/2024\/02\/jtrim-300x263.jpeg?v=1707757123 300w, https:\/\/carportsolution.com\/wp-content\/uploads\/2024\/02\/jtrim-768x672.jpeg?v=1707757123 768w\" sizes=\"(max-width: 800px) 100vw, 800px\" \/><\/p><\/div>\n\t\t\t\t\t\t\t\t\t<div class=\"elementor-tab-title elementor-tab-mobile-title\" aria-selected=\"false\" data-tab=\"7\" role=\"tab\" tabindex=\"-1\" aria-controls=\"elementor-tab-content-7797\" aria-expanded=\"false\">Recorte en J<\/div>\n\t\t\t\t\t<div id=\"elementor-tab-content-7797\" class=\"elementor-tab-content elementor-clearfix\" data-tab=\"7\" role=\"tabpanel\" aria-labelledby=\"elementor-tab-title-7797\" tabindex=\"0\" hidden=\"hidden\"><p><img loading=\"lazy\" decoding=\"async\" class=\"alignnone wp-image-4529 size-full\" src=\"https:\/\/carportsolution.com\/wp-content\/uploads\/2024\/02\/jtrim-1.jpeg\" alt=\"\" width=\"800\" height=\"700\" srcset=\"https:\/\/carportsolution.com\/wp-content\/uploads\/2024\/02\/jtrim-1.jpeg?v=1707757122 800w, https:\/\/carportsolution.com\/wp-content\/uploads\/2024\/02\/jtrim-1-300x263.jpeg?v=1707757122 300w, https:\/\/carportsolution.com\/wp-content\/uploads\/2024\/02\/jtrim-1-768x672.jpeg?v=1707757122 768w\" sizes=\"(max-width: 800px) 100vw, 800px\" \/><\/p><\/div>\n\t\t\t\t\t\t\t\t\t<div class=\"elementor-tab-title elementor-tab-mobile-title\" aria-selected=\"false\" data-tab=\"8\" role=\"tab\" tabindex=\"-1\" aria-controls=\"elementor-tab-content-7798\" aria-expanded=\"false\">Recorte en L<\/div>\n\t\t\t\t\t<div id=\"elementor-tab-content-7798\" class=\"elementor-tab-content elementor-clearfix\" data-tab=\"8\" role=\"tabpanel\" aria-labelledby=\"elementor-tab-title-7798\" tabindex=\"0\" hidden=\"hidden\"><p><img loading=\"lazy\" decoding=\"async\" class=\"alignnone wp-image-4530 size-full\" src=\"https:\/\/carportsolution.com\/wp-content\/uploads\/2024\/02\/ltrim.jpeg\" alt=\"\" width=\"800\" height=\"700\" srcset=\"https:\/\/carportsolution.com\/wp-content\/uploads\/2024\/02\/ltrim.jpeg?v=1707757122 800w, https:\/\/carportsolution.com\/wp-content\/uploads\/2024\/02\/ltrim-300x263.jpeg?v=1707757122 300w, https:\/\/carportsolution.com\/wp-content\/uploads\/2024\/02\/ltrim-768x672.jpeg?v=1707757122 768w\" sizes=\"(max-width: 800px) 100vw, 800px\" \/><\/p><\/div>\n\t\t\t\t\t\t\t\t\t<div class=\"elementor-tab-title elementor-tab-mobile-title\" aria-selected=\"false\" data-tab=\"9\" role=\"tab\" tabindex=\"-1\" aria-controls=\"elementor-tab-content-7799\" aria-expanded=\"false\">Tapa de cumbrera<\/div>\n\t\t\t\t\t<div id=\"elementor-tab-content-7799\" class=\"elementor-tab-content elementor-clearfix\" data-tab=\"9\" role=\"tabpanel\" aria-labelledby=\"elementor-tab-title-7799\" tabindex=\"0\" hidden=\"hidden\"><p><img loading=\"lazy\" decoding=\"async\" class=\"alignnone wp-image-4531 size-full\" src=\"https:\/\/carportsolution.com\/wp-content\/uploads\/2024\/02\/ridgecap.jpeg\" alt=\"\" width=\"800\" height=\"700\" srcset=\"https:\/\/carportsolution.com\/wp-content\/uploads\/2024\/02\/ridgecap.jpeg?v=1707757121 800w, https:\/\/carportsolution.com\/wp-content\/uploads\/2024\/02\/ridgecap-300x263.jpeg?v=1707757121 300w, https:\/\/carportsolution.com\/wp-content\/uploads\/2024\/02\/ridgecap-768x672.jpeg?v=1707757121 768w\" sizes=\"(max-width: 800px) 100vw, 800px\" \/><\/p><\/div>\n\t\t\t\t\t\t\t\t\t<div class=\"elementor-tab-title elementor-tab-mobile-title\" aria-selected=\"false\" data-tab=\"10\" role=\"tab\" tabindex=\"-1\" aria-controls=\"elementor-tab-content-77910\" aria-expanded=\"false\">Techo<\/div>\n\t\t\t\t\t<div id=\"elementor-tab-content-77910\" class=\"elementor-tab-content elementor-clearfix\" data-tab=\"10\" role=\"tabpanel\" aria-labelledby=\"elementor-tab-title-77910\" tabindex=\"0\" hidden=\"hidden\"><p><img loading=\"lazy\" decoding=\"async\" class=\"alignnone wp-image-4532 size-full\" src=\"https:\/\/carportsolution.com\/wp-content\/uploads\/2024\/02\/roof.jpeg\" alt=\"\" width=\"1600\" height=\"1400\" srcset=\"https:\/\/carportsolution.com\/wp-content\/uploads\/2024\/02\/roof.jpeg?v=1707757120 1600w, https:\/\/carportsolution.com\/wp-content\/uploads\/2024\/02\/roof-300x263.jpeg?v=1707757120 300w, https:\/\/carportsolution.com\/wp-content\/uploads\/2024\/02\/roof-1029x900.jpeg?v=1707757120 1029w, https:\/\/carportsolution.com\/wp-content\/uploads\/2024\/02\/roof-768x672.jpeg?v=1707757120 768w, https:\/\/carportsolution.com\/wp-content\/uploads\/2024\/02\/roof-1536x1344.jpeg?v=1707757120 1536w\" sizes=\"(max-width: 1600px) 100vw, 1600px\" \/><\/p><\/div>\n\t\t\t\t\t\t\t\t\t<div class=\"elementor-tab-title elementor-tab-mobile-title\" aria-selected=\"false\" data-tab=\"11\" role=\"tab\" tabindex=\"-1\" aria-controls=\"elementor-tab-content-77911\" aria-expanded=\"false\">Paneles laterales<\/div>\n\t\t\t\t\t<div id=\"elementor-tab-content-77911\" class=\"elementor-tab-content elementor-clearfix\" data-tab=\"11\" role=\"tabpanel\" aria-labelledby=\"elementor-tab-title-77911\" tabindex=\"0\" hidden=\"hidden\"><p><img loading=\"lazy\" decoding=\"async\" class=\"alignnone wp-image-4533 size-full\" src=\"https:\/\/carportsolution.com\/wp-content\/uploads\/2024\/02\/sidepanels.jpeg\" alt=\"\" width=\"800\" height=\"700\" srcset=\"https:\/\/carportsolution.com\/wp-content\/uploads\/2024\/02\/sidepanels.jpeg?v=1707757120 800w, https:\/\/carportsolution.com\/wp-content\/uploads\/2024\/02\/sidepanels-300x263.jpeg?v=1707757120 300w, https:\/\/carportsolution.com\/wp-content\/uploads\/2024\/02\/sidepanels-768x672.jpeg?v=1707757120 768w\" sizes=\"(max-width: 800px) 100vw, 800px\" \/><\/p><\/div>\n\t\t\t\t\t\t\t\t\t<div class=\"elementor-tab-title elementor-tab-mobile-title\" aria-selected=\"false\" data-tab=\"12\" role=\"tab\" tabindex=\"-1\" aria-controls=\"elementor-tab-content-77912\" aria-expanded=\"false\">Recorte vertical<\/div>\n\t\t\t\t\t<div id=\"elementor-tab-content-77912\" class=\"elementor-tab-content elementor-clearfix\" data-tab=\"12\" role=\"tabpanel\" aria-labelledby=\"elementor-tab-title-77912\" tabindex=\"0\" hidden=\"hidden\"><p><img loading=\"lazy\" decoding=\"async\" class=\"alignnone wp-image-4534 size-full\" src=\"https:\/\/carportsolution.com\/wp-content\/uploads\/2024\/02\/verticaltrim.jpeg\" alt=\"\" width=\"1600\" height=\"1400\" srcset=\"https:\/\/carportsolution.com\/wp-content\/uploads\/2024\/02\/verticaltrim.jpeg?v=1707757119 1600w, https:\/\/carportsolution.com\/wp-content\/uploads\/2024\/02\/verticaltrim-300x263.jpeg?v=1707757119 300w, https:\/\/carportsolution.com\/wp-content\/uploads\/2024\/02\/verticaltrim-1029x900.jpeg?v=1707757119 1029w, https:\/\/carportsolution.com\/wp-content\/uploads\/2024\/02\/verticaltrim-768x672.jpeg?v=1707757119 768w, https:\/\/carportsolution.com\/wp-content\/uploads\/2024\/02\/verticaltrim-1536x1344.jpeg?v=1707757119 1536w\" sizes=\"(max-width: 1600px) 100vw, 1600px\" \/><\/p><\/div>\n\t\t\t\t\t\t\t\t\t<div class=\"elementor-tab-title elementor-tab-mobile-title\" aria-selected=\"false\" data-tab=\"13\" role=\"tab\" tabindex=\"-1\" aria-controls=\"elementor-tab-content-77913\" aria-expanded=\"false\">Z\u00f3calo<\/div>\n\t\t\t\t\t<div id=\"elementor-tab-content-77913\" class=\"elementor-tab-content elementor-clearfix\" data-tab=\"13\" role=\"tabpanel\" aria-labelledby=\"elementor-tab-title-77913\" tabindex=\"0\" hidden=\"hidden\"><p><img loading=\"lazy\" decoding=\"async\" class=\"alignnone wp-image-4535 size-full\" src=\"https:\/\/carportsolution.com\/wp-content\/uploads\/2024\/02\/wainscot.jpeg\" alt=\"\" width=\"800\" height=\"700\" srcset=\"https:\/\/carportsolution.com\/wp-content\/uploads\/2024\/02\/wainscot.jpeg?v=1707757119 800w, https:\/\/carportsolution.com\/wp-content\/uploads\/2024\/02\/wainscot-300x263.jpeg?v=1707757119 300w, https:\/\/carportsolution.com\/wp-content\/uploads\/2024\/02\/wainscot-768x672.jpeg?v=1707757119 768w\" sizes=\"(max-width: 800px) 100vw, 800px\" \/><\/p><\/div>\n\t\t\t\t\t\t\t\t\t<div class=\"elementor-tab-title elementor-tab-mobile-title\" aria-selected=\"false\" data-tab=\"14\" role=\"tab\" tabindex=\"-1\" aria-controls=\"elementor-tab-content-77914\" aria-expanded=\"false\">Ventana<\/div>\n\t\t\t\t\t<div id=\"elementor-tab-content-77914\" class=\"elementor-tab-content elementor-clearfix\" data-tab=\"14\" role=\"tabpanel\" aria-labelledby=\"elementor-tab-title-77914\" tabindex=\"0\" hidden=\"hidden\"><p><img loading=\"lazy\" decoding=\"async\" class=\"alignnone wp-image-4536 size-full\" src=\"https:\/\/carportsolution.com\/wp-content\/uploads\/2024\/02\/window.jpeg\" alt=\"\" width=\"800\" height=\"700\" srcset=\"https:\/\/carportsolution.com\/wp-content\/uploads\/2024\/02\/window.jpeg?v=1707757118 800w, https:\/\/carportsolution.com\/wp-content\/uploads\/2024\/02\/window-300x263.jpeg?v=1707757118 300w, https:\/\/carportsolution.com\/wp-content\/uploads\/2024\/02\/window-768x672.jpeg?v=1707757118 768w\" sizes=\"(max-width: 800px) 100vw, 800px\" \/><\/p><\/div>\n\t\t\t\t\t\t\t\t\t<div class=\"elementor-tab-title elementor-tab-mobile-title\" aria-selected=\"false\" data-tab=\"15\" role=\"tab\" tabindex=\"-1\" aria-controls=\"elementor-tab-content-77915\" aria-expanded=\"false\">Recorte en Z<\/div>\n\t\t\t\t\t<div id=\"elementor-tab-content-77915\" class=\"elementor-tab-content elementor-clearfix\" data-tab=\"15\" role=\"tabpanel\" aria-labelledby=\"elementor-tab-title-77915\" tabindex=\"0\" hidden=\"hidden\"><p><img loading=\"lazy\" decoding=\"async\" class=\"alignnone wp-image-4538 size-full\" src=\"https:\/\/carportsolution.com\/wp-content\/uploads\/2024\/02\/ztrim.jpeg\" alt=\"\" width=\"800\" height=\"700\" srcset=\"https:\/\/carportsolution.com\/wp-content\/uploads\/2024\/02\/ztrim.jpeg?v=1707757117 800w, https:\/\/carportsolution.com\/wp-content\/uploads\/2024\/02\/ztrim-300x263.jpeg?v=1707757117 300w, https:\/\/carportsolution.com\/wp-content\/uploads\/2024\/02\/ztrim-768x672.jpeg?v=1707757117 768w\" sizes=\"(max-width: 800px) 100vw, 800px\" \/><\/p><\/div>\n\t\t\t\t\t\t\t<\/div>\n\t\t<\/div>\n\t\t\t\t\t\t<\/div>\n\t\t\t\t<\/div>\n\t\t\t\t\t<\/div>\n\t\t<\/div>\n\t\t\t\t\t<\/div>\n\t\t<\/section>\n\t\t\t\t<\/div>","protected":false},"excerpt":{"rendered":"<p>Visual Glossary You can use this Visual Glossary below to get familiar with the different parts of our Metal Buildings, it makes it easy to be well-informed.&nbsp; Simply click on a part name on the left hand side menu, and the part will become highlighted, and will display some useful information about it. Base Rail [&hellip;]<\/p>\n","protected":false},"author":12,"featured_media":0,"parent":0,"menu_order":0,"comment_status":"closed","ping_status":"closed","template":"","meta":{"footnotes":""},"class_list":["post-4518","page","type-page","status-publish","hentry"],"_links":{"self":[{"href":"https:\/\/carportsolution.com\/es\/wp-json\/wp\/v2\/pages\/4518","targetHints":{"allow":["GET"]}}],"collection":[{"href":"https:\/\/carportsolution.com\/es\/wp-json\/wp\/v2\/pages"}],"about":[{"href":"https:\/\/carportsolution.com\/es\/wp-json\/wp\/v2\/types\/page"}],"author":[{"embeddable":true,"href":"https:\/\/carportsolution.com\/es\/wp-json\/wp\/v2\/users\/12"}],"replies":[{"embeddable":true,"href":"https:\/\/carportsolution.com\/es\/wp-json\/wp\/v2\/comments?post=4518"}],"version-history":[{"count":0,"href":"https:\/\/carportsolution.com\/es\/wp-json\/wp\/v2\/pages\/4518\/revisions"}],"wp:attachment":[{"href":"https:\/\/carportsolution.com\/es\/wp-json\/wp\/v2\/media?parent=4518"}],"curies":[{"name":"wp","href":"https:\/\/api.w.org\/{rel}","templated":true}]}}